{"id":242351,"date":"2026-03-13T20:07:58","date_gmt":"2026-03-13T18:07:58","guid":{"rendered":"https:\/\/visit-latin-america.com\/privacy-policy\/"},"modified":"2026-03-25T15:26:11","modified_gmt":"2026-03-25T13:26:11","slug":"privacy-policy","status":"publish","type":"page","link":"https:\/\/visit-latin-america.com\/en\/privacy-policy\/","title":{"rendered":"Privacy Policy"},"content":{"rendered":"\n<p>VISIT LATIN AMERICA works hard to protect the information you provide us. We follow strict security procedures regarding how your personal information is stored and used, to help prevent unauthorized access. <\/p>\n\n\n\n<p>We aim to make your visit to our website as simple, reliable, and relevant as possible. To help us with this, we use \u201ccookies\u201d and other similar technologies (which, together, are referred to in this policy as \u201ccookies\u201d).<\/p>\n\n\n\n<div style=\"height:40px\" aria-hidden=\"true\" class=\"wp-block-spacer\"><\/div>\n\n\n\n<h2 class=\"wp-block-heading\">Information collection<\/h2>\n\n\n\n<p>No personal information is collected without your knowledge.<\/p>\n\n\n\n<p>We collect information related to your company and your personal data, such as your name, address, and email, only when you join VISIT LATIN AMERICA as a member and\/or sign up to receive newsletters from us.<\/p>\n\n\n\n<p>We will only use this information to provide useful information about your membership. Your email address may be used to send you our newsletter and other email communications, and you are free to unsubscribe at any time using the provided links (opt-out). Your personal data, including your email address, will never be made available to third parties for the purpose of sending you marketing information. Remember that email is not necessarily secure. You should never send sensitive or personal information via email.<\/p>\n\n\n\n<div style=\"height:40px\" aria-hidden=\"true\" class=\"wp-block-spacer\"><\/div>\n\n\n\n<h2 class=\"wp-block-heading\">What data?<\/h2>\n\n\n\n<p>We collect your personal information in two main ways:<\/p>\n\n\n\n<h3 class=\"wp-block-heading\">Information collected automatically<\/h3>\n\n\n\n<p>We collect and temporarily store certain technical information related to your visit for site management and security purposes. This information includes, but is not limited to: <\/p>\n\n\n\n<p>The internet domain from which you access our website<br>The type and version of your browser (e.g., Chrome, Internet Explorer) used to access our site<br>The operating system (Windows, Mac, Linux) used to access our site<br>The screen resolution of the device you use to access our website<br>The date and time you access our site<br>The URLs of the pages you visit<br>The URL of the site or link you used to access our website<br>This information is used solely to help us make our site more useful for you. With these data, we track the number of visitors to our site and the types of technologies used by our visitors. No attempt is made to identify individual users or their usage habits. All of this raw data is stored temporarily as required solely for site security and management purposes.<\/p>\n\n\n\n<div style=\"height:40px\" aria-hidden=\"true\" class=\"wp-block-spacer\"><\/div>\n\n\n\n<h3 class=\"wp-block-heading\">Cookies<\/h3>\n\n\n\n<p>We use \u201ccookies\u201d to store and collect information regarding your use of the site.<\/p>\n\n\n\n<p>Cookie definition:<\/p>\n\n\n\n<p>Cookies are information stored in files hosted within your web browser. Cookies contain basic information about your use of the internet, but they do not personally identify you. Your browser sends these cookies to the site on each new visit, allowing it to recognize your computer or mobile device and personalize and improve your navigation on the site.  <\/p>\n\n\n\n<p>For example, the VISIT LATIN AMERICA website uses cookies to remember your login information, preventing you from having to enter it repeatedly during your visit to the site. Other cookies allow us to better understand your interests on our site, so that we can provide you with information and features that will be more useful on your future visits. <\/p>\n\n\n\n<p>There are two types of cookies: session and persistent.<\/p>\n\n\n\n<p>\u2013 Session cookies last only as long as your browser is open. They are automatically deleted when you close your browser. <\/p>\n\n\n\n<p>\u2013 Persistent cookies store information on your computer after you have closed your browser, enabling as smooth a navigation as possible when you reopen your browser.<\/p>\n\n\n\n<p>At no time is your personal information, whether stored in persistent cookies or elsewhere, shared with third parties who have no right to it. If you do not want session or persistent cookies stored on your computer, you can disable them in your browser. <\/p>\n\n\n\n<p>\u2013 Which cookies do we use?<\/p>\n\n\n\n<h4 class=\"wp-block-heading\">Technical cookies<\/h4>\n\n\n\n<p>These cookies are necessary for accessing and using the content and features of our website. Without these cookies, the VISIT LATIN AMERICA site would not function properly, and you would not be able to use some of its important features. <\/p>\n\n\n\n<p>For example, we use a cookie so that you can stay logged in during your visit without being asked to log in again to access different pages. We also use essential cookies to detect and prevent fraud. <\/p>\n\n\n\n<h4 class=\"wp-block-heading\">Analytical cookies<\/h4>\n\n\n\n<p>To make your experience on our VISIT LATIN AMERICA website as relevant and enjoyable as possible, we use cookies to better understand how you use our site and how we can improve your experience. Some functional cookies are essential if you wish to benefit from certain site features. <\/p>\n\n\n\n<p>For example, we use Google Analytics: it is a Google analytics tool that helps website and app owners understand how visitors interact with their website content (pages visited, browsing times, etc.) by providing useful statistics to optimize and improve navigation. We use this information to compile reports and help improve the site. The cookies collect information in an anonymous form.  <\/p>\n\n\n\n<h4 class=\"wp-block-heading\">Sharing cookies<\/h4>\n\n\n\n<p>Social sharing cookies are issued and managed by the relevant social network provider. With your consent, these cookies allow you to easily share part of the content published on the Visit Latin America site, for example via a \u201cshare\u201d button. <\/p>\n\n\n\n<p>There are two types of social sharing cookies present on the Visit Latin America site:<\/p>\n\n\n\n<p>\u2013 Facebook, whose cookie policy is described by clicking on the following link: https:\/\/fr-fr.facebook.com\/policies\/cookies\/<\/p>\n\n\n\n<p>\u2013 Instagram, whose cookie policy is described by clicking on the following link: https:\/\/help.instagram.com\/1896641480634370<\/p>\n\n\n\n<h4 class=\"wp-block-heading\">Emailings:<\/h4>\n\n\n\n<p>We use web beacons in our emails to track the success of our marketing campaigns. In the form of invisible pixels, they do not store any information on your computer, but by communicating with our cookies, they can inform us when you have opened an email from us.<\/p>\n\n\n\n<div style=\"height:38px\" aria-hidden=\"true\" class=\"wp-block-spacer\"><\/div>\n\n\n\n<h2 class=\"wp-block-heading\">Privacy<\/h2>\n\n\n\n<p>No personal information is shared with third parties.<\/p>\n\n\n\n<p>Only the company QUIMBAYA LATIN AMERICA is the recipient of your personal data. These data, whether in individual or aggregated form, are never shared with third parties, except for subcontractors used by QUIMBAYA LATIN AMERICA. Neither QUIMBAYA LATIN AMERICA nor any of its subcontractors engage in marketing the personal data of visitors, subscribers, or users of its website.  <\/p>\n\n\n\n<p>The processing of data is carried out within the framework of appropriate procedures to protect client confidentiality and consists of collecting, recording, organizing, storing, consulting, modifying, selecting, extracting, comparing, using, blocking, communicating, canceling, or destroying these data, actions which may be performed separately or jointly.<\/p>\n\n\n\n<p>The data provided by the client will be processed primarily electronically or digitally and may be recorded on computer media, paper, or any other suitable medium, in compliance with minimum security standards. The operations may be carried out with or without the assistance of electronic or automated tools in any case. <\/p>\n\n\n\n<p>We may keep a record of the emails we send you. We also keep a record of the communications you have opted to receive or not receive. If you wish to stop receiving such emails, click the \u201cunsubscribe\u201d link in the email and follow the instructions.  <\/p>\n\n\n\n<p>We reserve the right to modify this privacy policy from time to time.<\/p>\n\n\n\n<p>Your data is retained for the period strictly necessary to provide our services.<\/p>\n\n\n\n<div style=\"height:38px\" aria-hidden=\"true\" class=\"wp-block-spacer\"><\/div>\n\n\n\n<h2 class=\"wp-block-heading\">Right of access and data communication<\/h2>\n\n\n\n<p>You have the right to access the Personal Information that concerns you.<\/p>\n\n\n\n<p>However, due to the obligation of security and confidentiality in the processing of personal data incumbent on VISIT LATIN AMERICA, you are informed that your request will be processed provided that you provide proof of your identity, notably by submitting a scan of your valid identity document (in case of a request by email) or a signed photocopy of your valid identity document (in case of a request sent by postal mail).<\/p>\n\n\n\n<p>VISIT LATIN AMERICA informs you that it will have the right, where applicable, to refuse requests that are manifestly abusive (due to their number, repetitive or systematic nature).<\/p>\n\n\n\n<div style=\"height:38px\" aria-hidden=\"true\" class=\"wp-block-spacer\"><\/div>\n\n\n\n<h2 class=\"wp-block-heading\">Right to data rectification<\/h2>\n\n\n\n<p>Under this right, the law allows you to request the rectification, updating, blocking, or even deletion of data concerning you that may, where applicable, be inaccurate, incorrect, incomplete, or outdated.<\/p>\n\n\n\n<p>You may also set general and specific guidelines regarding the handling of personal data after your death. Where applicable, the heirs of a deceased person may request that the death of their relative be taken into account and\/or that the necessary updates be made. <\/p>\n\n\n\n<p>If you wish to exercise your right to rectification, either on your own behalf or on behalf of a deceased relative, you may do so by submitting a written request via email to: info@visit-latin-america.com, or by postal mail to the following address:<\/p>\n\n\n\n<p>52 rue du G\u00e9n\u00e9ral Leclerc,<br>94270 Le Kremlin Bic\u00eatre, France<\/p>\n\n\n\n<div style=\"height:38px\" aria-hidden=\"true\" class=\"wp-block-spacer\"><\/div>\n\n\n\n<h2 class=\"wp-block-heading\">Right to object<\/h2>\n\n\n\n<p>The exercise of this right is only possible in one of the following two situations:<\/p>\n\n\n\n<p>\u2013 When the exercise of this right is based on legitimate grounds<\/p>\n\n\n\n<p>\u2013 When the exercise of this right aims to prevent the collected data from being used for commercial solicitation purposes.<\/p>\n\n\n\n<div style=\"height:38px\" aria-hidden=\"true\" class=\"wp-block-spacer\"><\/div>\n\n\n\n<h2 class=\"wp-block-heading\">Consent<\/h2>\n\n\n\n<p>In accordance with the recommendations of the French National Commission on Informatics and Liberty (CNIL), certain cookies are exempt from prior consent where they are strictly necessary for the operation of the website or are solely intended to enable or facilitate electronic communication. This includes session ID cookies, authentication cookies, load-balancing session cookies, as well as cookies for personalizing your interface. <\/p>\n\n\n\n<p>We inform you that you can accept all cookies or reject them by configuring your web browser. This way, you will be able to: <\/p>\n\n\n\n<p>\u2013 Check when a cookie was set, by whom, its validity period, and its content. This way, you are free to accept or refuse its storage on your computer and to delete your cookies at regular intervals, if you wish. <\/p>\n\n\n\n<p>\u2013 Configure your web browser to disable all cookies by default. However, please note that if you disable all cookies, your username and password will no longer be recognized on any website. You will therefore need to re-enter them each time you visit certain sites that require password authentication.  <\/p>\n\n\n\n<p>To configure your browser:<\/p>\n\n\n\n<p><strong>Firefox browser<\/strong> (for PC):<\/p>\n\n\n\n<ol class=\"wp-block-list\">\n<li>Open Firefox<\/li>\n\n\n\n<li>Press the \u201cAlt\u201d key<\/li>\n\n\n\n<li>In the menu at the top of the page, click \u201cTools\u201d and then \u201cOptions.\u201d<\/li>\n\n\n\n<li>Click on the \u201cPrivacy\u201d tab.<\/li>\n\n\n\n<li>In the drop-down menu to the right of \u201cRetention rules,\u201d click on \u201cuse custom settings for history.\u201d<\/li>\n\n\n\n<li>Uncheck \u201cAccept cookies.\u201d<\/li>\n\n\n\n<li>Confirm your preferences by clicking \u201cOK.\u201d<\/li>\n<\/ol>\n\n\n\n<div style=\"height:10px\" aria-hidden=\"true\" class=\"wp-block-spacer\"><\/div>\n\n\n\n<p><strong>On Mac:<\/strong> Firefox>Preferences> Privacy > and simply check \u201cTell websites that I do not want to be tracked.\u201d<\/p>\n\n\n\n<p><strong>Internet Explorer browser<\/strong>:<\/p>\n\n\n\n<ol class=\"wp-block-list\">\n<li>Open Internet Explorer<\/li>\n\n\n\n<li>In the \u201cTools\u201d menu, select \u201cInternet Options.\u201d<\/li>\n\n\n\n<li>Click on the \u201cPrivacy\u201d tab.<\/li>\n\n\n\n<li>Click on \u201cAdvanced\u201d and uncheck \u201cAccept.\u201d<\/li>\n\n\n\n<li>Save your preferences by clicking \u201cOK.\u201d<\/li>\n<\/ol>\n\n\n\n<p><\/p>\n\n\n\n<p><strong>Google Chrome browser<\/strong>:<\/p>\n\n\n\n<ol class=\"wp-block-list\">\n<li>Open Google Chrome<\/li>\n\n\n\n<li>Click on the tools icon in the menu bar.<\/li>\n\n\n\n<li>Select \u201cOptions.\u201d<\/li>\n\n\n\n<li>Click on the \u201cAdvanced options\u201d tab.<\/li>\n\n\n\n<li>In the \u201cCookie settings\u201d drop-down menu, click \u201cBlock all cookies.\u201d<\/li>\n<\/ol>\n\n\n\n<p><strong>Safari browser<\/strong>:<\/p>\n\n\n\n<ol class=\"wp-block-list\">\n<li>Open Safari<\/li>\n\n\n\n<li>In the top menu bar, click \u201cSafari,\u201d then \u201cPreferences.\u201d<\/li>\n\n\n\n<li>Select the \u201cSecurity\u201d icon.<\/li>\n\n\n\n<li>Next to \u201cAccept cookies,\u201d select \u201cNever.\u201d<\/li>\n<\/ol>\n\n\n\n<div style=\"height:38px\" aria-hidden=\"true\" class=\"wp-block-spacer\"><\/div>\n\n\n\n<p><strong>WARNING:<\/strong> Please note that refusing the placement of cookies may affect your user experience as well as your access to certain services or features of our website. In such a case, VISIT LATIN AMERICA declines any responsibility for the consequences related to the degradation of your browsing conditions resulting from your decision to refuse, delete, or block the cookies necessary for the proper functioning of the site. These consequences cannot be considered damages, and you will not be entitled to any compensation as a result.<\/p>\n\n\n\n<div style=\"height:38px\" aria-hidden=\"true\" class=\"wp-block-spacer\"><\/div>\n\n\n\n<h2 class=\"wp-block-heading\">Identification details of the owner and the person responsible<\/h2>\n\n\n\n<p>The data controller is the company QUIMBAYA TOURS C LTDA, whose registered office is located at:<\/p>\n\n\n\n<p>239 Amazonas Avenue<br>Ecuador<\/p>\n\n\n\n<p><strong>SIRET:<\/strong> 41866421500021<br><strong>APE Code:<\/strong> 7911Z<\/p>\n\n\n\n<p>In accordance with the provisions of Law No. 78-17 of January 6, 1978, amended in 2004, relating to Information Technology, Files and Civil Liberties, the data collected on the Site are subject to processing declared to the CNIL.<\/p>\n\n\n\n<p><strong>CNIL declaration number:<\/strong> 1894095v0<\/p>\n\n\n\n<div style=\"height:38px\" aria-hidden=\"true\" class=\"wp-block-spacer\"><\/div>\n","protected":false},"excerpt":{"rendered":"<p>VISIT LATIN AMERICA works hard to protect the information you provide us. We follow strict security procedures regarding how your personal information is stored and used, to help prevent unauthorized access. We aim to make your visit to our website as simple, reliable, and relevant as possible. To help us with this, we use \u201ccookies\u201d [&hellip;]<\/p>\n","protected":false},"author":1,"featured_media":0,"parent":0,"menu_order":0,"comment_status":"closed","ping_status":"closed","template":"","meta":{"footnotes":""},"categories":[],"tags":[],"class_list":["post-242351","page","type-page","status-publish","hentry"],"_links":{"self":[{"href":"https:\/\/visit-latin-america.com\/en\/wp-json\/wp\/v2\/pages\/242351","targetHints":{"allow":["GET"]}}],"collection":[{"href":"https:\/\/visit-latin-america.com\/en\/wp-json\/wp\/v2\/pages"}],"about":[{"href":"https:\/\/visit-latin-america.com\/en\/wp-json\/wp\/v2\/types\/page"}],"author":[{"embeddable":true,"href":"https:\/\/visit-latin-america.com\/en\/wp-json\/wp\/v2\/users\/1"}],"replies":[{"embeddable":true,"href":"https:\/\/visit-latin-america.com\/en\/wp-json\/wp\/v2\/comments?post=242351"}],"version-history":[{"count":2,"href":"https:\/\/visit-latin-america.com\/en\/wp-json\/wp\/v2\/pages\/242351\/revisions"}],"predecessor-version":[{"id":242834,"href":"https:\/\/visit-latin-america.com\/en\/wp-json\/wp\/v2\/pages\/242351\/revisions\/242834"}],"wp:attachment":[{"href":"https:\/\/visit-latin-america.com\/en\/wp-json\/wp\/v2\/media?parent=242351"}],"wp:term":[{"taxonomy":"category","embeddable":true,"href":"https:\/\/visit-latin-america.com\/en\/wp-json\/wp\/v2\/categories?post=242351"},{"taxonomy":"post_tag","embeddable":true,"href":"https:\/\/visit-latin-america.com\/en\/wp-json\/wp\/v2\/tags?post=242351"}],"curies":[{"name":"wp","href":"https:\/\/api.w.org\/{rel}","templated":true}]}}