{"id":242276,"date":"2026-03-12T18:26:26","date_gmt":"2026-03-12T16:26:26","guid":{"rendered":"https:\/\/visit-latin-america.com\/condiciones-generales-de-uso\/"},"modified":"2026-03-19T16:46:00","modified_gmt":"2026-03-19T14:46:00","slug":"condiciones-generales-de-uso","status":"publish","type":"page","link":"https:\/\/visit-latin-america.com\/es\/condiciones-generales-de-uso\/","title":{"rendered":"Condiciones Generales de Uso"},"content":{"rendered":"\n<p>El uso del sitio web www.visit-latin-america.com (en adelante, &#8220;el Sitio&#8221;) se rige por las condiciones generales que se exponen a continuaci\u00f3n.<\/p>\n\n<p>Se deber\u00e1 establecer un contrato aparte con Visit Latin America (en adelante, &#8220;nosotros&#8221;) para los anunciantes del sitio web.<\/p>\n\n<h2 class=\"wp-block-heading\">El sitio<\/h2>\n\n<p>Este sitio es publicado y completamente financiado por la empresa Quimbaya Tours C LTDA, registrada bajo el n\u00famero de Siret 41866421500021, dedicada a la actividad de agencias de viajes, c\u00f3digo APE: 1911Z, cuyo domicilio social se encuentra en 239 AVENUE AMAZONAS en ECUADOR. Tel\u00e9fono: 01 56 08 36 46. <\/p>\n\n<p>La directora de la publicaci\u00f3n es la se\u00f1ora Claudia Terrade en su calidad de Presidenta y Directora General.<\/p>\n\n<p>Este sitio est\u00e1 alojado por la empresa Network Solutions LLC, una compa\u00f1\u00eda de Web.com Group Inc, cuyo domicilio social se encuentra en 12808 Gran Bay Parkway West, Jacksonville, FL 32258. Tel\u00e9fono: 1-800-361-5712. <\/p>\n\n<h2 class=\"wp-block-heading\">Condiciones Generales de Uso del Sitio Web<\/h2>\n\n<p>Si no est\u00e1 de acuerdo con estas condiciones, por favor deje de utilizar nuestro sitio web.<br\/>Puede imprimir y conservar una copia de estas condiciones. Constituyen un acuerdo legal entre usted y nosotros. Nos reservamos el derecho, a nuestra sola discreci\u00f3n, de modificar estas condiciones en el sitio web.  <\/p>\n\n<h2 class=\"wp-block-heading\">Responsabilidad<\/h2>\n\n<p>Teniendo en cuenta la naturaleza de la informaci\u00f3n, Visit Latin America no puede ser responsable de los errores u omisiones relacionados con la informaci\u00f3n difundida en el Sitio. En caso de error u omisi\u00f3n, invitamos a los usuarios a contactarnos a trav\u00e9s de los distintos medios que ofrece el Sitio. <\/p>\n\n<p>La informaci\u00f3n disponible en el sitio sobre los miembros es proporcionada por nuestros socios. Visit Latin America se esfuerza por ofrecer los mejores proveedores, pero no asume ninguna responsabilidad por cualquier conflicto derivado de los productos o servicios suministrados por nuestros socios. <\/p>\n\n<p>El Sitio contiene una selecci\u00f3n de enlaces a sitios web de terceros relacionados con el continente latinoamericano. Visit Latin America no puede garantizar la legalidad ni la exactitud de la informaci\u00f3n contenida en estos sitios de terceros y, por lo tanto, no puede ser responsable de los contenidos difundidos en dichos sitios. <\/p>\n\n<p>Los servicios, ofertas u otra informaci\u00f3n o contenidos expresados o puestos a disposici\u00f3n por terceros pertenecen a los autores o distribuidores. No somos responsables de su exactitud ni fiabilidad. <\/p>\n\n<h2 class=\"wp-block-heading\">Exclusi\u00f3n del Sitio web<\/h2>\n\n<p>Nos reservamos el derecho de excluir, a nuestra sola discreci\u00f3n, a los usuarios del Sitio de manera permanente o temporal. El usuario en cuesti\u00f3n ser\u00e1 notificado por correo electr\u00f3nico y no deber\u00e1 intentar usar el Sitio bajo otro nombre o a trav\u00e9s de otro usuario. <\/p>\n\n<h2 class=\"wp-block-heading\">Propiedad intelectual<\/h2>\n\n<p>Los textos, fotograf\u00edas, marcas, bases de datos y otros contenidos disponibles en el Sitio est\u00e1n protegidos por derechos de propiedad intelectual y no pueden ser objeto de ning\u00fan tipo de uso sin el acuerdo previo de sus titulares de derechos.<\/p>\n\n<p>\u00abVisit Latin America\u00bb es una marca registrada de Quimbaya Tours. Cualquier uso de esta marca sin el consentimiento previo de esta \u00faltima est\u00e1 prohibido. <\/p>\n\n<p>Cualquier extracci\u00f3n y\/o reutilizaci\u00f3n, ya sea cualitativa o cuantitativamente sustancial, de todo o parte del Sitio est\u00e1 sujeta al acuerdo previo de Quimbaya Tours.<\/p>\n\n<h2 class=\"wp-block-heading\">Datos personales<\/h2>\n\n<p>Consulte nuestra pol\u00edtica de privacidad sobre la recopilaci\u00f3n de datos haciendo clic en <a href=\"https:\/\/visit-latin-america.com\/es\/politica-de-privacidad\/\" data-type=\"page\" data-id=\"228860\">este enlace<\/a>.<\/p>\n\n<h2 class=\"wp-block-heading\">Derecho de acceso, modificaci\u00f3n y eliminaci\u00f3n<\/h2>\n\n<p>De acuerdo con las disposiciones de la ley n.\u00ba 78-17 del 6 de enero de 1978 relativa a la Inform\u00e1tica, todo usuario del Sitio tiene derecho a oponerse, acceder, rectificar y eliminar los datos que le conciernen.<\/p>\n\n<p>La solicitud de oposici\u00f3n, acceso, rectificaci\u00f3n o eliminaci\u00f3n deber\u00e1 enviarse a la siguiente direcci\u00f3n de correo electr\u00f3nico: <a href=\"mailto:info@visit-latin-america.com\">info@visit-latin-america.com<\/a><\/p>\n\n<h2 class=\"wp-block-heading\">Ley aplicable y jurisdicci\u00f3n competente<\/h2>\n\n<p>Estas condiciones de uso se rigen por la ley francesa, independientemente de la jurisdicci\u00f3n de su lugar de residencia. Cualquier conflicto relacionado con el uso del Sitio estar\u00e1 bajo la competencia exclusiva de los tribunales franceses. Usted acepta de manera irrevocable que los tribunales de Francia sean los \u00fanicos competentes para resolver cualquier conflicto que pueda derivarse, resultar o relacionarse con estas condiciones generales y, a estos efectos, somete de manera irrevocable cualquier conflicto a la jurisdicci\u00f3n de los tribunales franceses. Los litigios se resolver\u00e1n exclusivamente en Francia.   <\/p>\n","protected":false},"excerpt":{"rendered":"<p>El uso del sitio web www.visit-latin-america.com (en adelante, &#8220;el Sitio&#8221;) se rige por las condiciones generales que se exponen a continuaci\u00f3n. Se deber\u00e1 establecer un contrato aparte con Visit Latin America (en adelante, &#8220;nosotros&#8221;) para los anunciantes del sitio web. El sitio Este sitio es publicado y completamente financiado por la empresa Quimbaya Tours C [&hellip;]<\/p>\n","protected":false},"author":1,"featured_media":0,"parent":0,"menu_order":0,"comment_status":"closed","ping_status":"closed","template":"","meta":{"footnotes":""},"categories":[],"tags":[],"class_list":["post-242276","page","type-page","status-publish","hentry"],"_links":{"self":[{"href":"https:\/\/visit-latin-america.com\/es\/wp-json\/wp\/v2\/pages\/242276","targetHints":{"allow":["GET"]}}],"collection":[{"href":"https:\/\/visit-latin-america.com\/es\/wp-json\/wp\/v2\/pages"}],"about":[{"href":"https:\/\/visit-latin-america.com\/es\/wp-json\/wp\/v2\/types\/page"}],"author":[{"embeddable":true,"href":"https:\/\/visit-latin-america.com\/es\/wp-json\/wp\/v2\/users\/1"}],"replies":[{"embeddable":true,"href":"https:\/\/visit-latin-america.com\/es\/wp-json\/wp\/v2\/comments?post=242276"}],"version-history":[{"count":9,"href":"https:\/\/visit-latin-america.com\/es\/wp-json\/wp\/v2\/pages\/242276\/revisions"}],"predecessor-version":[{"id":242718,"href":"https:\/\/visit-latin-america.com\/es\/wp-json\/wp\/v2\/pages\/242276\/revisions\/242718"}],"wp:attachment":[{"href":"https:\/\/visit-latin-america.com\/es\/wp-json\/wp\/v2\/media?parent=242276"}],"wp:term":[{"taxonomy":"category","embeddable":true,"href":"https:\/\/visit-latin-america.com\/es\/wp-json\/wp\/v2\/categories?post=242276"},{"taxonomy":"post_tag","embeddable":true,"href":"https:\/\/visit-latin-america.com\/es\/wp-json\/wp\/v2\/tags?post=242276"}],"curies":[{"name":"wp","href":"https:\/\/api.w.org\/{rel}","templated":true}]}}