{"id":242378,"date":"2026-03-16T16:53:54","date_gmt":"2026-03-16T14:53:54","guid":{"rendered":"https:\/\/visit-latin-america.com\/politica-de-privacidad\/"},"modified":"2026-03-25T15:24:13","modified_gmt":"2026-03-25T13:24:13","slug":"politica-de-privacidad","status":"publish","type":"page","link":"https:\/\/visit-latin-america.com\/es\/politica-de-privacidad\/","title":{"rendered":"Pol\u00edtica de privacidad"},"content":{"rendered":"\n<p>VISIT LATIN AMERICA trabaja arduamente para proteger la informaci\u00f3n que nos proporciona. Seguimos procedimientos de seguridad estrictos sobre c\u00f3mo se almacenan y utilizan sus datos personales, para ayudar a evitar que personas no autorizadas accedan a ellos. <\/p>\n\n\n\n<p>Queremos que su visita a nuestro sitio web sea lo m\u00e1s sencilla, confiable y relevante posible. Para ayudarnos en esto, utilizamos \u201ccookies\u201d y otras tecnolog\u00edas similares (que, en conjunto, se denominan en esta pol\u00edtica como \u201ccookies\u201d).<\/p>\n\n\n\n<div style=\"height:40px\" aria-hidden=\"true\" class=\"wp-block-spacer\"><\/div>\n\n\n\n<h2 class=\"wp-block-heading\">Recopilaci\u00f3n de informaci\u00f3n<\/h2>\n\n\n\n<p>No se recopila ninguna informaci\u00f3n personal sin su conocimiento.<\/p>\n\n\n\n<p>Recopilamos la informaci\u00f3n relacionada con su empresa y sus datos personales, como su nombre, direcci\u00f3n y correo electr\u00f3nico, \u00fanicamente cuando se une a VISIT LATIN AMERICA como miembro y\/o se suscribe para recibir nuestros boletines.<\/p>\n\n\n\n<p>Solo utilizaremos esta informaci\u00f3n para enviarle informaci\u00f3n \u00fatil sobre su membres\u00eda. Su direcci\u00f3n de correo electr\u00f3nico puede usarse para enviarle nuestro bolet\u00edn y otras comunicaciones por correo electr\u00f3nico, y usted es libre de darse de baja en cualquier momento utilizando los enlaces proporcionados (opt-out). Sus datos personales, incluida su direcci\u00f3n de correo electr\u00f3nico, nunca se compartir\u00e1n con terceros con el fin de enviarle informaci\u00f3n de marketing. Recuerde que el correo electr\u00f3nico no siempre es seguro. Nunca debe enviar informaci\u00f3n sensible o personal por correo electr\u00f3nico.<\/p>\n\n\n\n<div style=\"height:40px\" aria-hidden=\"true\" class=\"wp-block-spacer\"><\/div>\n\n\n\n<h2 class=\"wp-block-heading\">\u00bfQu\u00e9 datos?<\/h2>\n\n\n\n<p>Recopilamos su informaci\u00f3n personal de dos maneras principales:<\/p>\n\n\n\n<div style=\"height:15px\" aria-hidden=\"true\" class=\"wp-block-spacer\"><\/div>\n\n\n\n<h3 class=\"wp-block-heading\">Informaci\u00f3n recopilada autom\u00e1ticamente<\/h3>\n\n\n\n<p>Recopilamos y almacenamos temporalmente cierta informaci\u00f3n t\u00e9cnica relacionada con su visita con fines de gesti\u00f3n del sitio y seguridad. Esta informaci\u00f3n incluye, pero no se limita a: <\/p>\n\n\n\n<p>El dominio de Internet desde el cual accede a nuestro sitio web<br>El tipo y la versi\u00f3n de su navegador (por ejemplo, Chrome, Internet Explorer) utilizados para acceder a nuestro sitio<br>El sistema operativo (Windows, Mac, Linux) utilizado para acceder a nuestro sitio<br>La resoluci\u00f3n de pantalla del dispositivo que utiliza para acceder a nuestro sitio web<br>La fecha y hora en que accede a nuestro sitio<br>Las URL de las p\u00e1ginas que visita<br>La URL del sitio o enlace que utiliz\u00f3 para acceder a nuestro sitio web<br>Esta informaci\u00f3n se utiliza \u00fanicamente para ayudarnos a hacer que nuestro sitio sea m\u00e1s \u00fatil para usted. Con estos datos, podemos conocer el n\u00famero de visitantes a nuestro sitio y los tipos de tecnolog\u00edas utilizadas por ellos. No se realiza ning\u00fan intento de identificar a usuarios individuales ni sus h\u00e1bitos de uso. Todos estos datos en bruto se conservan temporalmente solo seg\u00fan lo requerido para fines de seguridad y gesti\u00f3n del sitio.<\/p>\n\n\n\n<div style=\"height:17px\" aria-hidden=\"true\" class=\"wp-block-spacer\"><\/div>\n\n\n\n<h3 class=\"wp-block-heading\">Cookies<\/h3>\n\n\n\n<p>Utilizamos \u201ccookies\u201d para almacenar y recopilar informaci\u00f3n sobre su uso del sitio.<\/p>\n\n\n\n<p>\u2013 Definici\u00f3n de cookie:<\/p>\n\n\n\n<p>Las cookies son informaci\u00f3n almacenada en archivos alojados dentro de su navegador de internet. Las cookies contienen informaci\u00f3n b\u00e1sica sobre el uso que usted hace de Internet, pero no lo identifican personalmente. Su navegador env\u00eda estas cookies al sitio en cada nueva visita, de manera que el sitio puede reconocer su computadora o dispositivo m\u00f3vil y personalizar y mejorar su navegaci\u00f3n en el sitio.  <\/p>\n\n\n\n<p>Por ejemplo, el sitio de VISIT LATIN AMERICA utiliza cookies para recordar sus datos de inicio de sesi\u00f3n, evitando que tenga que introducirlos repetidamente durante su visita al sitio. Otras cookies nos permiten comprender mejor sus intereses en nuestro sitio, para luego proporcionarle informaci\u00f3n y funciones que le sean m\u00e1s \u00fatiles en sus pr\u00f3ximas visitas. <\/p>\n\n\n\n<p>Existen dos tipos de cookies: de sesi\u00f3n y persistentes.<\/p>\n\n\n\n<p>\u2013 Las cookies de sesi\u00f3n solo duran mientras su navegador est\u00e9 abierto. Se eliminan autom\u00e1ticamente cuando cierra su navegador. <\/p>\n\n\n\n<p>\u2013 Las cookies permanentes almacenan informaci\u00f3n en su computadora despu\u00e9s de que haya cerrado su navegador, lo que permite una navegaci\u00f3n lo m\u00e1s sencilla posible cuando vuelva a abrirlo.<\/p>\n\n\n\n<p>En ning\u00fan momento, su informaci\u00f3n personal, ya sea almacenada en cookies permanentes o en otro lugar, se comparte con terceros que no tengan derecho a ella. Si no desea que se almacenen cookies de sesi\u00f3n o permanentes en su computadora, puede desactivarlas en su navegador.<\/p>\n\n\n\n<div style=\"height:18px\" aria-hidden=\"true\" class=\"wp-block-spacer\"><\/div>\n\n\n\n<p><strong> \u00bfQu\u00e9 cookies utilizamos?<\/strong><\/p>\n\n\n\n<div style=\"height:18px\" aria-hidden=\"true\" class=\"wp-block-spacer\"><\/div>\n\n\n\n<h4 class=\"wp-block-heading\">Cookies t\u00e9cnicas<\/h4>\n\n\n\n<p>Estas cookies son necesarias para acceder y utilizar el contenido y las funciones de nuestro sitio web. Sin estas cookies, el sitio de VISIT LATIN AMERICA no funcionar\u00eda correctamente y no podr\u00eda utilizar algunas de sus funciones importantes. <\/p>\n\n\n\n<p>Por ejemplo, usamos una cookie para que pueda permanecer conectado durante su visita sin que se le pida iniciar sesi\u00f3n nuevamente para acceder a las diferentes p\u00e1ginas. Tambi\u00e9n utilizamos cookies esenciales para detectar y prevenir fraudes. <\/p>\n\n\n\n<h4 class=\"wp-block-heading\">Cookies anal\u00edticas<\/h4>\n\n\n\n<p>Para que su experiencia en nuestro sitio web VISIT LATIN AMERICA sea lo m\u00e1s relevante y agradable posible, utilizamos cookies para comprender mejor c\u00f3mo utiliza nuestro sitio y c\u00f3mo podemos mejorar su experiencia. Algunas cookies funcionales son esenciales si desea aprovechar ciertas funcionalidades del sitio. <\/p>\n\n\n\n<p>Por ejemplo, utilizamos Google Analytics: es una herramienta de an\u00e1lisis de Google que ayuda a los propietarios de sitios web y aplicaciones a comprender c\u00f3mo los visitantes interact\u00faan con el contenido de su sitio web (p\u00e1ginas visitadas, horas de navegaci\u00f3n, etc.) proporcionando estad\u00edsticas \u00fatiles para optimizar y mejorar la navegaci\u00f3n. Utilizamos esta informaci\u00f3n para elaborar informes y ayudarnos a mejorar el sitio. Las cookies recopilan la informaci\u00f3n de forma an\u00f3nima.  <\/p>\n\n\n\n<h4 class=\"wp-block-heading\">Cookies de compartici\u00f3n<\/h4>\n\n\n\n<p>Las cookies de compartici\u00f3n de redes sociales son emitidas y gestionadas por el proveedor de la red social correspondiente. Con su consentimiento, estas cookies le permiten compartir f\u00e1cilmente parte del contenido publicado en el sitio de Visit Latin America, por ejemplo, a trav\u00e9s de un \u201cbot\u00f3n\u201d de compartir. <\/p>\n\n\n\n<p>Hay dos tipos de cookies de compartici\u00f3n de redes sociales presentes en el sitio de Visit Latin America:<\/p>\n\n\n\n<p>\u2013 Facebook, cuya pol\u00edtica de cookies se describe haciendo clic en el siguiente enlace: https:\/\/fr-fr.facebook.com\/policies\/cookies\/<\/p>\n\n\n\n<p>\u2013 Instagram, cuya pol\u00edtica de cookies se describe haciendo clic en el siguiente enlace: https:\/\/help.instagram.com\/1896641480634370<\/p>\n\n\n\n<h4 class=\"wp-block-heading\">Correos electr\u00f3nicos masivos<\/h4>\n\n\n\n<p>Utilizamos etiquetas web en nuestros correos electr\u00f3nicos para rastrear el \u00e9xito de nuestras campa\u00f1as de marketing. En forma de p\u00edxeles invisibles, no almacenan ninguna informaci\u00f3n en su computadora, pero al comunicarse con nuestras cookies, pueden informarnos cu\u00e1ndo ha abierto un correo electr\u00f3nico nuestro. <\/p>\n\n\n\n<div style=\"height:40px\" aria-hidden=\"true\" class=\"wp-block-spacer\"><\/div>\n\n\n\n<h2 class=\"wp-block-heading\">Privacidad<\/h2>\n\n\n\n<p>Ninguna informaci\u00f3n personal se cede a terceros.<\/p>\n\n\n\n<p>Solo la empresa QUIMBAYA LATIN AMERICA es destinataria de sus datos personales. Estos, ya sea de forma individual o agregada, nunca se transmiten a terceros, salvo a los subcontratistas que utiliza la empresa QUIMBAYA LATIN AMERICA. Ni la empresa QUIMBAYA LATIN AMERICA ni ninguno de sus subcontratistas comercializan los datos personales de los visitantes, suscriptores y usuarios de su sitio web.  <\/p>\n\n\n\n<p>El tratamiento de los datos se realiza dentro del marco de procedimientos adecuados para proteger la confidencialidad del cliente y consiste en recopilar, registrar, organizar, almacenar, consultar, modificar, seleccionar, extraer, comparar, usar, bloquear, comunicar, cancelar o destruir estos datos, acciones que pueden realizarse de forma separada o conjunta.<\/p>\n\n\n\n<p>Los datos proporcionados por el cliente ser\u00e1n tratados principalmente de manera electr\u00f3nica o inform\u00e1tica y podr\u00e1n registrarse en soportes inform\u00e1ticos, en papel o en cualquier otro soporte adecuado, respetando las normas m\u00ednimas de seguridad. Las operaciones pueden realizarse con o sin la ayuda de herramientas electr\u00f3nicas o automatizadas en cualquier caso. <\/p>\n\n\n\n<p>Podemos mantener un registro de los correos electr\u00f3nicos que le enviamos. Tambi\u00e9n conservamos un registro de las comunicaciones que ha elegido recibir o no recibir. Si desea dejar de recibir estos correos electr\u00f3nicos, haga clic en el enlace \u201cdarse de baja\u201d en el correo electr\u00f3nico y siga las instrucciones.  <\/p>\n\n\n\n<p>Nos reservamos el derecho de modificar esta pol\u00edtica de privacidad de vez en cuando.<\/p>\n\n\n\n<p>Sus datos se conservan durante el tiempo estrictamente necesario para la prestaci\u00f3n de nuestros servicios.<\/p>\n\n\n\n<div style=\"height:40px\" aria-hidden=\"true\" class=\"wp-block-spacer\"><\/div>\n\n\n\n<h2 class=\"wp-block-heading\">Derecho de acceso y comunicaci\u00f3n de los datos<\/h2>\n\n\n\n<p>Usted tiene la facultad de acceder a la informaci\u00f3n personal que le concierne.<\/p>\n\n\n\n<p>Sin embargo, debido a la obligaci\u00f3n de seguridad y confidencialidad en el tratamiento de datos personales que recae sobre VISIT LATIN AMERICA, se le informa que su solicitud ser\u00e1 procesada siempre que aporte prueba de su identidad, en particular mediante el env\u00edo de un escaneo de su documento de identidad v\u00e1lido (en caso de solicitud por correo electr\u00f3nico) o de una fotocopia firmada de su documento de identidad v\u00e1lido (en caso de solicitud enviada por correo postal).<\/p>\n\n\n\n<p>VISIT LATIN AMERICA le informa que tendr\u00e1 derecho, en su caso, a oponerse a solicitudes manifiestamente abusivas (por su n\u00famero, su car\u00e1cter repetitivo o sistem\u00e1tico).<\/p>\n\n\n\n<div style=\"height:40px\" aria-hidden=\"true\" class=\"wp-block-spacer\"><\/div>\n\n\n\n<h2 class=\"wp-block-heading\">Derecho de rectificaci\u00f3n de los datos<\/h2>\n\n\n\n<p>En virtud de este derecho, la legislaci\u00f3n le permite solicitar la rectificaci\u00f3n, actualizaci\u00f3n, bloqueo o incluso eliminaci\u00f3n de los datos que le conciernen y que, en su caso, puedan ser inexactos, err\u00f3neos, incompletos o desactualizados.<\/p>\n\n\n\n<p>Tambi\u00e9n puede establecer directrices generales y espec\u00edficas sobre el destino de los datos personales tras su fallecimiento. En su caso, los herederos de una persona fallecida pueden exigir que se tenga en cuenta el fallecimiento de su familiar y\/o que se realicen las actualizaciones necesarias. <\/p>\n\n\n\n<p>Si desea ejercer su derecho de rectificaci\u00f3n, ya sea en su propio nombre o en nombre de uno de sus familiares fallecidos, puede hacerlo mediante una solicitud por escrito por correo electr\u00f3nico a: info@visit-latin-america.com, o por correo postal a la siguiente direcci\u00f3n:<\/p>\n\n\n\n<p>52 rue du G\u00e9n\u00e9ral Leclerc,<br>94270 Le Kremlin Bic\u00eatre, Francia<\/p>\n\n\n\n<div style=\"height:40px\" aria-hidden=\"true\" class=\"wp-block-spacer\"><\/div>\n\n\n\n<h2 class=\"wp-block-heading\">Derecho de oposici\u00f3n<\/h2>\n\n\n\n<p>El ejercicio de este derecho solo es posible en una de las dos situaciones siguientes:<\/p>\n\n\n\n<p>\u2013 Cuando el ejercicio de este derecho se basa en motivos leg\u00edtimos<\/p>\n\n\n\n<p>Cuando el ejercicio de este derecho tiene como objetivo impedir que los datos recopilados se utilicen con fines de prospecci\u00f3n comercial.<\/p>\n\n\n\n<div style=\"height:40px\" aria-hidden=\"true\" class=\"wp-block-spacer\"><\/div>\n\n\n\n<h2 class=\"wp-block-heading\">Consentimiento<\/h2>\n\n\n\n<p>De acuerdo con las recomendaciones de la Comisi\u00f3n Nacional de Inform\u00e1tica y Libertades (CNIL), algunos cookies est\u00e1n exentos de la obtenci\u00f3n previa de su consentimiento en la medida en que son estrictamente necesarios para el funcionamiento del sitio web o tienen como \u00fanico prop\u00f3sito permitir o facilitar la comunicaci\u00f3n por v\u00eda electr\u00f3nica. Se trata, en particular, de cookies de identificaci\u00f3n de sesi\u00f3n, de autenticaci\u00f3n, de equilibrio de carga de sesi\u00f3n, as\u00ed como de cookies de personalizaci\u00f3n de su interfaz. <\/p>\n\n\n\n<p>Le informamos que puede aceptar todos los cookies o rechazarlos configurando su navegador de internet. De este modo, usted podr\u00e1: <\/p>\n\n\n\n<p>\u2013 Verificar cu\u00e1ndo se ha colocado una cookie, por qui\u00e9n, su per\u00edodo de validez y su contenido. De este modo, usted es libre de aceptar o rechazar su almacenamiento en su computadora y de eliminar sus cookies de forma peri\u00f3dica, si lo desea. <\/p>\n\n\n\n<p>\u2013 Configurar su navegador de Internet para desactivar todos los cookies por defecto. Sin embargo, tenga en cuenta que si desactiva todos los cookies, su nombre de usuario y su contrase\u00f1a ya no ser\u00e1n reconocidos en ning\u00fan sitio web. Por lo tanto, deber\u00e1 introducirlos nuevamente cada vez que visite ciertos sitios que requieran identificaci\u00f3n mediante contrase\u00f1a.  <\/p>\n\n\n\n<p>Para configurar su navegador:<\/p>\n\n\n\n<p><strong>Navegador Firefox <\/strong>(para PC):<\/p>\n\n\n\n<ol class=\"wp-block-list\">\n<li>Abra Firefox<\/li>\n\n\n\n<li>Presione la tecla \u00abAlt\u00bb<\/li>\n\n\n\n<li>En el men\u00fa en la parte superior de la p\u00e1gina, haga clic en \u00abHerramientas\u00bb y luego en \u00abOpciones\u00bb.<\/li>\n\n\n\n<li>Haga clic en la pesta\u00f1a \u00abPrivacidad\u00bb.<\/li>\n\n\n\n<li>En el men\u00fa desplegable a la derecha de \u00abReglas de conservaci\u00f3n\u00bb, haga clic en \u00abusar configuraciones personalizadas para el historial\u00bb.<\/li>\n\n\n\n<li>Desmarque \u00abAceptar cookies\u00bb.<\/li>\n\n\n\n<li>Valide sus preferencias haciendo clic en \u00abOK\u00bb.<\/li>\n<\/ol>\n\n\n\n<div style=\"height:10px\" aria-hidden=\"true\" class=\"wp-block-spacer\"><\/div>\n\n\n\n<p><strong>En Mac:<\/strong> Firefox > Preferencias >Privacidad> simplemente marque \u00abIndicar a los sitios que no deseo ser rastreado\u00bb.<\/p>\n\n\n\n<p><strong>Navegador Internet Explorer:<\/strong><\/p>\n\n\n\n<ol class=\"wp-block-list\">\n<li>Abra Internet Explorer<\/li>\n\n\n\n<li>En el men\u00fa \u00abHerramientas\u00bb, seleccione \u00abOpciones de Internet\u00bb.<\/li>\n\n\n\n<li>Haga clic en la pesta\u00f1a \u00abPrivacidad\u00bb.<\/li>\n\n\n\n<li>Haga clic en \u00abAvanzado\u00bb y desmarque \u00abAceptar\u00bb.<\/li>\n\n\n\n<li>Guarde sus preferencias haciendo clic en \u00abAceptar\u00bb.<\/li>\n<\/ol>\n\n\n\n<p><\/p>\n\n\n\n<p><strong>Navegador Google Chrome:<\/strong><\/p>\n\n\n\n<ol class=\"wp-block-list\">\n<li>Abra Google Chrome<\/li>\n\n\n\n<li>Haga clic en el icono de herramientas en la barra de men\u00fa.<\/li>\n\n\n\n<li>Seleccione \u00abOpciones\u00bb.<\/li>\n\n\n\n<li>Haga clic en la pesta\u00f1a \u00abOpciones avanzadas\u00bb.<\/li>\n\n\n\n<li>En el men\u00fa desplegable \u00abConfiguraci\u00f3n de cookies\u00bb, haga clic en \u00abBloquear todas las cookies\u00bb.<\/li>\n<\/ol>\n\n\n\n<div style=\"height:12px\" aria-hidden=\"true\" class=\"wp-block-spacer\"><\/div>\n\n\n\n<p><strong>Navegador Safari:<\/strong><\/p>\n\n\n\n<ol class=\"wp-block-list\">\n<li>Abra Safari<\/li>\n\n\n\n<li>En la barra de men\u00fa superior, haga clic en \u00abSafari\u00bb y luego en \u00abPreferencias\u00bb.<\/li>\n\n\n\n<li>Seleccione el icono \u00abSeguridad\u00bb.<\/li>\n\n\n\n<li>Junto a \u00abAceptar cookies\u00bb, marque \u00abNunca\u00bb.<\/li>\n<\/ol>\n\n\n\n<div style=\"height:40px\" aria-hidden=\"true\" class=\"wp-block-spacer\"><\/div>\n\n\n\n<p><strong>ATENCI\u00d3N:<\/strong> Le informamos que rechazar la instalaci\u00f3n de cookies puede afectar su experiencia como usuario, as\u00ed como su acceso a ciertos servicios o funcionalidades de nuestro sitio web. En ese caso, VISIT LATIN AMERICA declina toda responsabilidad por las consecuencias relacionadas con el deterioro de sus condiciones de navegaci\u00f3n que se produzcan debido a su decisi\u00f3n de rechazar, eliminar o bloquear los cookies necesarios para el funcionamiento del sitio. Estas consecuencias no podr\u00e1n considerarse un perjuicio y no podr\u00e1 reclamar ninguna compensaci\u00f3n por este motivo.<\/p>\n\n\n\n<div style=\"height:40px\" aria-hidden=\"true\" class=\"wp-block-spacer\"><\/div>\n\n\n\n<h2 class=\"wp-block-heading\">Datos de identificaci\u00f3n del titular y del responsable<\/h2>\n\n\n\n<p>El responsable del tratamiento es la empresa QUIMBAYA TOURS C LTDA, con domicilio social en:<\/p>\n\n\n\n<p>239 avenida Amazonas,<br>Ecuador<\/p>\n\n\n\n<p><strong>SIRET: <\/strong>41866421500021<br><strong>C\u00f3digo APE:<\/strong> 7911Z<\/p>\n\n\n\n<p>De conformidad con las disposiciones de la ley n.\u00ba 78-17 del 6 de enero de 1978, modificada en 2004, relativa a la Inform\u00e1tica, los Archivos y las Libertades, los datos recopilados en el Sitio son objeto de un tratamiento declarado ante la CNIL.<\/p>\n\n\n\n<p>N\u00famero de declaraci\u00f3n ante la CNIL: 1894095v0<\/p>\n","protected":false},"excerpt":{"rendered":"<p>VISIT LATIN AMERICA trabaja arduamente para proteger la informaci\u00f3n que nos proporciona. Seguimos procedimientos de seguridad estrictos sobre c\u00f3mo se almacenan y utilizan sus datos personales, para ayudar a evitar que personas no autorizadas accedan a ellos. Queremos que su visita a nuestro sitio web sea lo m\u00e1s sencilla, confiable y relevante posible. Para ayudarnos [&hellip;]<\/p>\n","protected":false},"author":1,"featured_media":0,"parent":0,"menu_order":0,"comment_status":"closed","ping_status":"closed","template":"","meta":{"footnotes":""},"categories":[],"tags":[],"class_list":["post-242378","page","type-page","status-publish","hentry"],"_links":{"self":[{"href":"https:\/\/visit-latin-america.com\/es\/wp-json\/wp\/v2\/pages\/242378","targetHints":{"allow":["GET"]}}],"collection":[{"href":"https:\/\/visit-latin-america.com\/es\/wp-json\/wp\/v2\/pages"}],"about":[{"href":"https:\/\/visit-latin-america.com\/es\/wp-json\/wp\/v2\/types\/page"}],"author":[{"embeddable":true,"href":"https:\/\/visit-latin-america.com\/es\/wp-json\/wp\/v2\/users\/1"}],"replies":[{"embeddable":true,"href":"https:\/\/visit-latin-america.com\/es\/wp-json\/wp\/v2\/comments?post=242378"}],"version-history":[{"count":5,"href":"https:\/\/visit-latin-america.com\/es\/wp-json\/wp\/v2\/pages\/242378\/revisions"}],"predecessor-version":[{"id":242832,"href":"https:\/\/visit-latin-america.com\/es\/wp-json\/wp\/v2\/pages\/242378\/revisions\/242832"}],"wp:attachment":[{"href":"https:\/\/visit-latin-america.com\/es\/wp-json\/wp\/v2\/media?parent=242378"}],"wp:term":[{"taxonomy":"category","embeddable":true,"href":"https:\/\/visit-latin-america.com\/es\/wp-json\/wp\/v2\/categories?post=242378"},{"taxonomy":"post_tag","embeddable":true,"href":"https:\/\/visit-latin-america.com\/es\/wp-json\/wp\/v2\/tags?post=242378"}],"curies":[{"name":"wp","href":"https:\/\/api.w.org\/{rel}","templated":true}]}}